{"id":549,"date":"2018-12-27T12:40:41","date_gmt":"2018-12-27T12:40:41","guid":{"rendered":"http:\/\/ediwyss-wp.dev.webkoenig.ch\/?page_id=549"},"modified":"2018-12-27T12:41:46","modified_gmt":"2018-12-27T12:41:46","slug":"impressum","status":"publish","type":"page","link":"https:\/\/ediwyss.ch\/en\/impressum\/","title":{"rendered":"Impressum"},"content":{"rendered":"<div class=\"wpb-content-wrapper\">[vc_section el_class=&#8221;wk-section&#8221;][vc_row][vc_column][vc_column_text]\n<h1>Impressum<\/h1>\n[\/vc_column_text][vc_column_text]Verantwortlich f\u00fcr den Inhalt dieser Homepage ist:<\/p>\n<p>&nbsp;<\/p>\n<p><strong>Edi Wyss Engineering AG<\/strong><\/p>\n<p>&nbsp;<\/p>\n<p><strong>Hermatswilerstrasse 68<\/strong><\/p>\n<p>&nbsp;<\/p>\n<p><strong>8330 Hermatswil\/Pf\u00e4ffikon<\/strong><\/p>\n<p>&nbsp;<\/p>\n<p><strong>Schweiz<\/strong><\/p>\n<p>&nbsp;<\/p>\n<p>Inhaber: Thomas Schnitzler<\/p>\n<p>&nbsp;<\/p>\n<p>E-Mail.: info(at)ediwyss.ch<\/p>\n<p>&nbsp;<\/p>\n<p>MWST Nr.: CHE-107.600.822[\/vc_column_text][vc_column_text el_class=&#8221;wk-row&#8221;]\n<h3>Haftungsausschluss<\/h3>\n[\/vc_column_text][vc_column_text]<strong>1. Haftungsbeschr\u00e4nkung<\/strong><br \/>\nDie Inhalte dieser Website wurden mit gr\u00f6\u00dftm\u00f6glicher Sorgfalt erstellt. Wir \u00fcbernehmen jedoch keine Gew\u00e4hr f\u00fcr die Vollst\u00e4ndigkeit und Aktualit\u00e4t der bereitgestellten Inhalte.<\/p>\n<p>&nbsp;<\/p>\n<p><strong>2. Externe Links<\/strong><br \/>\nDiese Website enth\u00e4lt ggf. Verkn\u00fcpfungen zu Websites Dritter (&#8220;externe Links&#8221;). Diese Websites unterliegen der Haftung der jeweiligen Betreiber. Wir haben keinerlei Einfluss auf die aktuelle und zuk\u00fcnftige Gestaltung und auf die Inhalte der verkn\u00fcpften Seiten. Das Setzen von externen Links bedeutet nicht, dass sich der Anbieter die hinter dem Verweis oder Link liegenden Inhalte zu Eigen macht.<\/p>\n<p>&nbsp;<\/p>\n<p><strong>3. Urheber- und Leistungsschutzrechte<\/strong><br \/>\nDie auf dieser Website ver\u00f6ffentlichten Inhalte unterliegen ggf. einem Urheber- und Leistungsschutzrecht. Jede Verwertung bedarf der vorherigen schriftlichen Zustimmung des Anbieters oder jeweiligen Rechteinhabers. Dies gilt insbesondere f\u00fcr Vervielf\u00e4ltigung, Bearbeitung, \u00dcbersetzung, Einspeicherung, Verarbeitung bzw. Wiedergabe von Inhalten und Fotos. Die unerlaubte Vervielf\u00e4ltigung oder Weitergabe einzelner Inhalte oder kompletter Seiten ist nicht gestattet und strafbar. Lediglich die Herstellung von Kopien und Downloads f\u00fcr den pers\u00f6nlichen, privaten und nicht kommerziellen Gebrauch ist erlaubt.<\/p>\n<p>&nbsp;<\/p>\n<p><strong>4. Datenschutz<\/strong><br \/>\nDurch den Besuch unserer Website k\u00f6nnen Informationen \u00fcber den Zugriff (Datum, Uhrzeit, betrachtete Seite) gespeichert werden. Diese Daten geh\u00f6ren nicht zu den personenbezogenen Daten, sondern sind anonymisiert. Sie werden ausschlie\u00dflich zu statistischen Zwecken ausgewertet. Eine Weitergabe an Dritte, zu kommerziellen oder nichtkommerziellen Zwecken, findet nicht statt.<\/p>\n<p>Der Anbieter weist ausdr\u00fccklich darauf hin, dass die Daten\u00fcbertragung im Internet (z.B. bei der Kommunikation per E-Mail) Sicherheitsl\u00fccken aufweisen und nicht l\u00fcckenlos vor dem Zugriff durch Dritte gesch\u00fctzt werden kann.<\/p>\n<p>Die Verwendung der Kontaktdaten des Impressums zur gewerblichen Werbung ist ausdr\u00fccklich nicht erw\u00fcnscht, es sei denn der Anbieter hatte zuvor seine schriftliche Einwilligung erteilt oder es besteht bereits eine Gesch\u00e4ftsbeziehung. Der Anbieter und alle auf dieser Website genannten Personen widersprechen hiermit jeder kommerziellen Verwendung und Weitergabe ihrer Daten.<\/p>\n<p>&nbsp;<\/p>\n<p><strong>5. Besondere Nutzungsbedingungen<\/strong><br \/>\nSoweit besondere Bedingungen f\u00fcr einzelne Nutzungen dieser Website von den vorgenannten Nummern 1. bis 4. abweichen, wird an entsprechender Stelle ausdr\u00fccklich darauf hingewiesen. In diesem Falle gelten im jeweiligen Einzelfall die besonderen Nutzungsbedingungen.<\/p>\n<p>&nbsp;<\/p>\n<p><strong>Abmahnungen:<\/strong><\/p>\n<p>Keine Abmahnung ohne vorherigen Kontakt!<br \/>\nSollte der Inhalt oder die Aufmachung dieser Seiten fremde Rechte Dritter oder gesetzliche Bestimmungen verletzen, so bitten wir um eine entsprechende Information und Nachricht.[\/vc_column_text][\/vc_column][\/vc_row][\/vc_section]\n<\/div>","protected":false},"excerpt":{"rendered":"<p>[vc_section el_class=&#8221;wk-section&#8221;][vc_row][vc_column][vc_column_text] Impressum [\/vc_column_text][vc_column_text]Verantwortlich f\u00fcr den Inhalt dieser Homepage ist: &nbsp; Edi Wyss Engineering AG &nbsp; Hermatswilerstrasse 68 &nbsp; 8330 Hermatswil\/Pf\u00e4ffikon &nbsp; Schweiz &nbsp; Inhaber: Thomas Schnitzler &nbsp; E-Mail.: info(at)ediwyss.ch &nbsp; MWST Nr.: CHE-107.600.822[\/vc_column_text][vc_column_text el_class=&#8221;wk-row&#8221;] Haftungsausschluss [\/vc_column_text][vc_column_text]1. Haftungsbeschr\u00e4nkung Die Inhalte dieser Website wurden mit gr\u00f6\u00dftm\u00f6glicher Sorgfalt erstellt. Wir \u00fcbernehmen jedoch keine Gew\u00e4hr f\u00fcr die Vollst\u00e4ndigkeit&hellip;<\/p>\n","protected":false},"author":1,"featured_media":0,"parent":0,"menu_order":0,"comment_status":"closed","ping_status":"closed","template":"","meta":{"_exactmetrics_skip_tracking":false,"_exactmetrics_sitenote_active":false,"_exactmetrics_sitenote_note":"","_exactmetrics_sitenote_category":0,"footnotes":""},"class_list":["post-549","page","type-page","status-publish","hentry","entry","no-media"],"yoast_head":"<!-- This site is optimized with the Yoast SEO plugin v26.6 - https:\/\/yoast.com\/wordpress\/plugins\/seo\/ -->\n<title>Impressum | Ediwyss<\/title>\n<meta name=\"robots\" content=\"index, follow, max-snippet:-1, max-image-preview:large, max-video-preview:-1\" \/>\n<link rel=\"canonical\" href=\"https:\/\/ediwyss.ch\/en\/impressum\/\" \/>\n<meta property=\"og:locale\" content=\"en_US\" \/>\n<meta property=\"og:type\" content=\"article\" \/>\n<meta property=\"og:title\" content=\"Impressum | Ediwyss\" \/>\n<meta property=\"og:description\" content=\"[vc_section el_class=&#8221;wk-section&#8221;][vc_row][vc_column][vc_column_text] Impressum [\/vc_column_text][vc_column_text]Verantwortlich f\u00fcr den Inhalt dieser Homepage ist: &nbsp; Edi Wyss Engineering AG &nbsp; Hermatswilerstrasse 68 &nbsp; 8330 Hermatswil\/Pf\u00e4ffikon &nbsp; Schweiz &nbsp; Inhaber: Thomas Schnitzler &nbsp; E-Mail.: info(at)ediwyss.ch &nbsp; MWST Nr.: CHE-107.600.822[\/vc_column_text][vc_column_text el_class=&#8221;wk-row&#8221;] Haftungsausschluss [\/vc_column_text][vc_column_text]1. Haftungsbeschr\u00e4nkung Die Inhalte dieser Website wurden mit gr\u00f6\u00dftm\u00f6glicher Sorgfalt erstellt. Wir \u00fcbernehmen jedoch keine Gew\u00e4hr f\u00fcr die Vollst\u00e4ndigkeit&hellip;\" \/>\n<meta property=\"og:url\" content=\"https:\/\/ediwyss.ch\/en\/impressum\/\" \/>\n<meta property=\"og:site_name\" content=\"Ediwyss\" \/>\n<meta property=\"article:modified_time\" content=\"2018-12-27T12:41:46+00:00\" \/>\n<meta name=\"twitter:card\" content=\"summary_large_image\" \/>\n<meta name=\"twitter:label1\" content=\"Est. reading time\" \/>\n\t<meta name=\"twitter:data1\" content=\"2 minutes\" \/>\n<script type=\"application\/ld+json\" class=\"yoast-schema-graph\">{\"@context\":\"https:\/\/schema.org\",\"@graph\":[{\"@type\":\"WebPage\",\"@id\":\"https:\/\/ediwyss.ch\/en\/impressum\/\",\"url\":\"https:\/\/ediwyss.ch\/en\/impressum\/\",\"name\":\"Impressum | Ediwyss\",\"isPartOf\":{\"@id\":\"https:\/\/ediwyss.ch\/#website\"},\"datePublished\":\"2018-12-27T12:40:41+00:00\",\"dateModified\":\"2018-12-27T12:41:46+00:00\",\"breadcrumb\":{\"@id\":\"https:\/\/ediwyss.ch\/en\/impressum\/#breadcrumb\"},\"inLanguage\":\"en-US\",\"potentialAction\":[{\"@type\":\"ReadAction\",\"target\":[\"https:\/\/ediwyss.ch\/en\/impressum\/\"]}]},{\"@type\":\"BreadcrumbList\",\"@id\":\"https:\/\/ediwyss.ch\/en\/impressum\/#breadcrumb\",\"itemListElement\":[{\"@type\":\"ListItem\",\"position\":1,\"name\":\"Startseite\",\"item\":\"https:\/\/ediwyss.ch\/en\/home\/\"},{\"@type\":\"ListItem\",\"position\":2,\"name\":\"Impressum\"}]},{\"@type\":\"WebSite\",\"@id\":\"https:\/\/ediwyss.ch\/#website\",\"url\":\"https:\/\/ediwyss.ch\/\",\"name\":\"Ediwyss\",\"description\":\"Ediwyss WP Redesign\",\"publisher\":{\"@id\":\"https:\/\/ediwyss.ch\/#organization\"},\"potentialAction\":[{\"@type\":\"SearchAction\",\"target\":{\"@type\":\"EntryPoint\",\"urlTemplate\":\"https:\/\/ediwyss.ch\/?s={search_term_string}\"},\"query-input\":{\"@type\":\"PropertyValueSpecification\",\"valueRequired\":true,\"valueName\":\"search_term_string\"}}],\"inLanguage\":\"en-US\"},{\"@type\":\"Organization\",\"@id\":\"https:\/\/ediwyss.ch\/#organization\",\"name\":\"Ediwyss\",\"url\":\"https:\/\/ediwyss.ch\/\",\"logo\":{\"@type\":\"ImageObject\",\"inLanguage\":\"en-US\",\"@id\":\"https:\/\/ediwyss.ch\/#\/schema\/logo\/image\/\",\"url\":\"https:\/\/ediwyss.ch\/wp-content\/uploads\/2018\/12\/ediwyss_logo.png\",\"contentUrl\":\"https:\/\/ediwyss.ch\/wp-content\/uploads\/2018\/12\/ediwyss_logo.png\",\"width\":300,\"height\":85,\"caption\":\"Ediwyss\"},\"image\":{\"@id\":\"https:\/\/ediwyss.ch\/#\/schema\/logo\/image\/\"}}]}<\/script>\n<!-- \/ Yoast SEO plugin. -->","yoast_head_json":{"title":"Impressum | Ediwyss","robots":{"index":"index","follow":"follow","max-snippet":"max-snippet:-1","max-image-preview":"max-image-preview:large","max-video-preview":"max-video-preview:-1"},"canonical":"https:\/\/ediwyss.ch\/en\/impressum\/","og_locale":"en_US","og_type":"article","og_title":"Impressum | Ediwyss","og_description":"[vc_section el_class=&#8221;wk-section&#8221;][vc_row][vc_column][vc_column_text] Impressum [\/vc_column_text][vc_column_text]Verantwortlich f\u00fcr den Inhalt dieser Homepage ist: &nbsp; Edi Wyss Engineering AG &nbsp; Hermatswilerstrasse 68 &nbsp; 8330 Hermatswil\/Pf\u00e4ffikon &nbsp; Schweiz &nbsp; Inhaber: Thomas Schnitzler &nbsp; E-Mail.: info(at)ediwyss.ch &nbsp; MWST Nr.: CHE-107.600.822[\/vc_column_text][vc_column_text el_class=&#8221;wk-row&#8221;] Haftungsausschluss [\/vc_column_text][vc_column_text]1. Haftungsbeschr\u00e4nkung Die Inhalte dieser Website wurden mit gr\u00f6\u00dftm\u00f6glicher Sorgfalt erstellt. Wir \u00fcbernehmen jedoch keine Gew\u00e4hr f\u00fcr die Vollst\u00e4ndigkeit&hellip;","og_url":"https:\/\/ediwyss.ch\/en\/impressum\/","og_site_name":"Ediwyss","article_modified_time":"2018-12-27T12:41:46+00:00","twitter_card":"summary_large_image","twitter_misc":{"Est. reading time":"2 minutes"},"schema":{"@context":"https:\/\/schema.org","@graph":[{"@type":"WebPage","@id":"https:\/\/ediwyss.ch\/en\/impressum\/","url":"https:\/\/ediwyss.ch\/en\/impressum\/","name":"Impressum | Ediwyss","isPartOf":{"@id":"https:\/\/ediwyss.ch\/#website"},"datePublished":"2018-12-27T12:40:41+00:00","dateModified":"2018-12-27T12:41:46+00:00","breadcrumb":{"@id":"https:\/\/ediwyss.ch\/en\/impressum\/#breadcrumb"},"inLanguage":"en-US","potentialAction":[{"@type":"ReadAction","target":["https:\/\/ediwyss.ch\/en\/impressum\/"]}]},{"@type":"BreadcrumbList","@id":"https:\/\/ediwyss.ch\/en\/impressum\/#breadcrumb","itemListElement":[{"@type":"ListItem","position":1,"name":"Startseite","item":"https:\/\/ediwyss.ch\/en\/home\/"},{"@type":"ListItem","position":2,"name":"Impressum"}]},{"@type":"WebSite","@id":"https:\/\/ediwyss.ch\/#website","url":"https:\/\/ediwyss.ch\/","name":"Ediwyss","description":"Ediwyss WP Redesign","publisher":{"@id":"https:\/\/ediwyss.ch\/#organization"},"potentialAction":[{"@type":"SearchAction","target":{"@type":"EntryPoint","urlTemplate":"https:\/\/ediwyss.ch\/?s={search_term_string}"},"query-input":{"@type":"PropertyValueSpecification","valueRequired":true,"valueName":"search_term_string"}}],"inLanguage":"en-US"},{"@type":"Organization","@id":"https:\/\/ediwyss.ch\/#organization","name":"Ediwyss","url":"https:\/\/ediwyss.ch\/","logo":{"@type":"ImageObject","inLanguage":"en-US","@id":"https:\/\/ediwyss.ch\/#\/schema\/logo\/image\/","url":"https:\/\/ediwyss.ch\/wp-content\/uploads\/2018\/12\/ediwyss_logo.png","contentUrl":"https:\/\/ediwyss.ch\/wp-content\/uploads\/2018\/12\/ediwyss_logo.png","width":300,"height":85,"caption":"Ediwyss"},"image":{"@id":"https:\/\/ediwyss.ch\/#\/schema\/logo\/image\/"}}]}},"_links":{"self":[{"href":"https:\/\/ediwyss.ch\/en\/wp-json\/wp\/v2\/pages\/549","targetHints":{"allow":["GET"]}}],"collection":[{"href":"https:\/\/ediwyss.ch\/en\/wp-json\/wp\/v2\/pages"}],"about":[{"href":"https:\/\/ediwyss.ch\/en\/wp-json\/wp\/v2\/types\/page"}],"author":[{"embeddable":true,"href":"https:\/\/ediwyss.ch\/en\/wp-json\/wp\/v2\/users\/1"}],"replies":[{"embeddable":true,"href":"https:\/\/ediwyss.ch\/en\/wp-json\/wp\/v2\/comments?post=549"}],"version-history":[{"count":4,"href":"https:\/\/ediwyss.ch\/en\/wp-json\/wp\/v2\/pages\/549\/revisions"}],"predecessor-version":[{"id":553,"href":"https:\/\/ediwyss.ch\/en\/wp-json\/wp\/v2\/pages\/549\/revisions\/553"}],"wp:attachment":[{"href":"https:\/\/ediwyss.ch\/en\/wp-json\/wp\/v2\/media?parent=549"}],"curies":[{"name":"wp","href":"https:\/\/api.w.org\/{rel}","templated":true}]}}